{"id":8683,"date":"2025-04-25T14:35:50","date_gmt":"2025-04-25T14:35:50","guid":{"rendered":"https:\/\/psychologueindustriel.com\/acceuil\/"},"modified":"2025-06-20T14:50:53","modified_gmt":"2025-06-20T14:50:53","slug":"acceuil","status":"publish","type":"page","link":"http:\/\/psychologueindustriel.com\/en\/","title":{"rendered":"Home"},"content":{"rendered":"","protected":false},"excerpt":{"rendered":"","protected":false},"author":1,"featured_media":0,"parent":0,"menu_order":0,"comment_status":"closed","ping_status":"closed","template":"page-templates\/builder.php","meta":{"_acf_changed":false,"footnotes":""},"class_list":["post-8683","page","type-page","status-publish","hentry"],"acf":{"cube_page_builder":[{"acf_fc_layout":"cube_1","slides":[{"content":{"has_caption":false,"caption":"","has_title":true,"title":"Our mission: Changing the world, one person at a time","has_body":false,"body":"Une approche humaine et strat\u00e9gique en psychologie organisationnelle pour r\u00e9v\u00e9ler le plein potentiel du leadership.\r\n\r\n&nbsp;","has_footer":true,"button_group":[{"link":{"title":"About Us","url":"https:\/\/psychologueindustriel.com\/en\/a-propos\/","target":""},"variant":"0"},{"link":{"title":"Contact Us","url":"https:\/\/psychologueindustriel.com\/en\/contactez-nous\/","target":""},"variant":"1"}]},"figure":{"provider":"local-image","source_vimeo":"","source_youtube":"","source_local_video":null,"source_local_image":318,"source_lottie":""}}],"hero":{"content":{"has_caption":false,"caption":"","has_title":false,"title":"","has_body":false,"body":"","has_footer":false,"button_group":null},"figure":null,"gallery":null},"var_type":"0","opt_anchor":"","opt_theme":"0","opt_text_color":"#f9f6ed","opt_background_color":"","opt_border":false,"opt_space_top":"","opt_space_bottom":"","opt_background_image":"","opt_background_overlay":false},{"acf_fc_layout":"cube_9","has_caption":false,"caption":"","has_title":true,"title":"About Ph\u00e9nix Conseil","has_body":false,"body":"","has_footer":false,"button_group":null,"item":[{"has_title":true,"title":"People at the heart of our mission","has_body":true,"body":"Founded in 2009, Ph\u00e9nix Conseil provides organizations with specialized services in industrial and organizational psychology. The firm is known for its human-centred approach, combining scientific rigour with strategic insight into talent management. Its core areas of practice include leadership assessment, executive coaching, and advisory services in personnel selection.","has_footer":true,"button_group":[{"link":{"title":"About Us","url":"https:\/\/psychologueindustriel.com\/en\/a-propos\/","target":""},"variant":"0"}]}],"figure":{"provider":"local-image","src_local_image":274,"src_local_video":null,"src_vimeo":"","src_youtube":"","src_google_drive":"","src_lottie":""},"var_type":"0","var_align":"0","var_item_align":"1","var_item_reverse":false,"opt_anchor":"","opt_theme":"0","opt_text_color":"","opt_background_color":"","opt_border":false,"opt_space_top":"","opt_space_bottom":"","opt_background_image":"","opt_background_overlay":false},{"acf_fc_layout":"cube_2","has_caption":false,"caption":"","has_title":true,"title":"Our services","has_body":false,"body":"","has_footer":false,"button_group":null,"posts":null,"var_type":"1","var_align":"1","var_card_text_color":"","var_card_background_color":"#ffffff","var_card_border_color":"#ebe5d7","opt_anchor":"","opt_theme":"0","opt_text_color":"","opt_background_color":"","opt_border":false,"opt_space_top":"","opt_space_bottom":"","opt_background_image":371,"opt_background_overlay":false},{"acf_fc_layout":"block_27","has_caption":false,"caption":"","has_title":true,"title":"Our team","has_body":false,"body":"","has_footer":false,"button_group":null,"posts":null,"var_type":"0","var_align":"1","opt_anchor":"","opt_theme":"0","opt_text_color":"","opt_background_color":"","opt_border":false,"opt_space_top":"","opt_space_bottom":"","opt_background_image":"","opt_background_overlay":false},{"acf_fc_layout":"cube_24","has_caption":false,"caption":"","has_title":true,"title":"Why choose Ph\u00e9nix Conseil?","has_body":false,"body":"","has_footer":false,"button_group":null,"cards":[{"color_text":"","color_background":"#ffffff","caption":"","title":"Dual expertise","content":"One of Ph\u00e9nix Conseil\u2019s key strengths lies in the background of its consultants, all of whom hold dual expertise in industrial\/organizational psychology and psychotherapy. This unique combination allows for a deeper understanding of behaviour, greater sensitivity to individual dynamics, and interventions that are both strategic and ethically grounded.","image":211},{"color_text":"","color_background":"#ffffff","caption":"","title":"Clarity and Relevance","content":"Ph\u00e9nix Conseil was created out of a desire to offer a more personalized, engaged, and relevant service than what is typically found in large consulting firms. By focusing on the quality of advice, the clarity of recommendations, and careful alignment with organizational realities, the firm aims to be a trusted partner in talent-related decision-making.","image":213},{"color_text":"","color_background":"#ffffff","caption":"","title":"Trust-based relationship","content":"Every engagement is supported by validated tools, but above all, by the ability to build trust, listen with empathy, and provide nuanced, actionable insights. Ph\u00e9nix Conseil places strong emphasis on understanding both the individuals and the environments in which they operate, in order to deliver interventions that are fair, respectful, and aligned with lived realities.","image":88}],"var_type":"1","var_reduce_motion":false,"opt_anchor":"","opt_theme":"0","opt_text_color":"","opt_background_color":"","opt_border":false,"opt_space_top":"","opt_space_bottom":"","opt_background_image":"","opt_background_overlay":false},{"acf_fc_layout":"cube_6","has_title":true,"title":"Contact Us","form_id":3,"var_type":"1","opt_icon_style":"solid","opt_icon_color":"#364271","opt_icon_background_color":"#fe5011","opt_icon_gradient_color":"","opt_anchor":"","opt_theme":"0","opt_text_color":"","opt_background_color":"","opt_border":false,"opt_space_top":"","opt_space_bottom":"","opt_background_image":333,"opt_background_overlay":true}]},"yoast_head":"<!-- This site is optimized with the Yoast SEO plugin v24.9 - https:\/\/yoast.com\/wordpress\/plugins\/seo\/ -->\n<title>Home &#8212; Ph\u00e9nix Conseil<\/title>\n<meta name=\"robots\" content=\"index, follow, max-snippet:-1, max-image-preview:large, max-video-preview:-1\" \/>\n<link rel=\"canonical\" href=\"http:\/\/psychologueindustriel.com\/en\/\" \/>\n<meta property=\"og:locale\" content=\"en_US\" \/>\n<meta property=\"og:type\" content=\"article\" \/>\n<meta property=\"og:title\" content=\"Home &#8212; Ph\u00e9nix Conseil\" \/>\n<meta property=\"og:url\" content=\"http:\/\/psychologueindustriel.com\/en\/\" \/>\n<meta property=\"og:site_name\" content=\"Ph\u00e9nix Conseil\" \/>\n<meta property=\"article:modified_time\" content=\"2025-06-20T14:50:53+00:00\" \/>\n<meta name=\"twitter:card\" content=\"summary_large_image\" \/>\n<script type=\"application\/ld+json\" class=\"yoast-schema-graph\">{\"@context\":\"https:\/\/schema.org\",\"@graph\":[{\"@type\":\"WebPage\",\"@id\":\"http:\/\/psychologueindustriel.com\/en\/\",\"url\":\"http:\/\/psychologueindustriel.com\/en\/\",\"name\":\"Home &#8212; Ph\u00e9nix Conseil\",\"isPartOf\":{\"@id\":\"http:\/\/psychologueindustriel.com\/en\/#website\"},\"datePublished\":\"2025-04-25T14:35:50+00:00\",\"dateModified\":\"2025-06-20T14:50:53+00:00\",\"breadcrumb\":{\"@id\":\"http:\/\/psychologueindustriel.com\/en\/#breadcrumb\"},\"inLanguage\":\"en-US\",\"potentialAction\":[{\"@type\":\"ReadAction\",\"target\":[\"http:\/\/psychologueindustriel.com\/en\/\"]}]},{\"@type\":\"BreadcrumbList\",\"@id\":\"http:\/\/psychologueindustriel.com\/en\/#breadcrumb\",\"itemListElement\":[{\"@type\":\"ListItem\",\"position\":1,\"name\":\"Home\",\"item\":\"http:\/\/psychologueindustriel.com\/en\/\"},{\"@type\":\"ListItem\",\"position\":2,\"name\":\"Home\"}]},{\"@type\":\"WebSite\",\"@id\":\"http:\/\/psychologueindustriel.com\/en\/#website\",\"url\":\"http:\/\/psychologueindustriel.com\/en\/\",\"name\":\"Ph\u00e9nix Conseil\",\"description\":\"A Smarter Way to Build Websites\",\"potentialAction\":[{\"@type\":\"SearchAction\",\"target\":{\"@type\":\"EntryPoint\",\"urlTemplate\":\"http:\/\/psychologueindustriel.com\/en\/?s={search_term_string}\"},\"query-input\":{\"@type\":\"PropertyValueSpecification\",\"valueRequired\":true,\"valueName\":\"search_term_string\"}}],\"inLanguage\":\"en-US\"}]}<\/script>\n<!-- \/ Yoast SEO plugin. -->","yoast_head_json":{"title":"Home &#8212; Ph\u00e9nix Conseil","robots":{"index":"index","follow":"follow","max-snippet":"max-snippet:-1","max-image-preview":"max-image-preview:large","max-video-preview":"max-video-preview:-1"},"canonical":"http:\/\/psychologueindustriel.com\/en\/","og_locale":"en_US","og_type":"article","og_title":"Home &#8212; Ph\u00e9nix Conseil","og_url":"http:\/\/psychologueindustriel.com\/en\/","og_site_name":"Ph\u00e9nix Conseil","article_modified_time":"2025-06-20T14:50:53+00:00","twitter_card":"summary_large_image","schema":{"@context":"https:\/\/schema.org","@graph":[{"@type":"WebPage","@id":"http:\/\/psychologueindustriel.com\/en\/","url":"http:\/\/psychologueindustriel.com\/en\/","name":"Home &#8212; Ph\u00e9nix Conseil","isPartOf":{"@id":"http:\/\/psychologueindustriel.com\/en\/#website"},"datePublished":"2025-04-25T14:35:50+00:00","dateModified":"2025-06-20T14:50:53+00:00","breadcrumb":{"@id":"http:\/\/psychologueindustriel.com\/en\/#breadcrumb"},"inLanguage":"en-US","potentialAction":[{"@type":"ReadAction","target":["http:\/\/psychologueindustriel.com\/en\/"]}]},{"@type":"BreadcrumbList","@id":"http:\/\/psychologueindustriel.com\/en\/#breadcrumb","itemListElement":[{"@type":"ListItem","position":1,"name":"Home","item":"http:\/\/psychologueindustriel.com\/en\/"},{"@type":"ListItem","position":2,"name":"Home"}]},{"@type":"WebSite","@id":"http:\/\/psychologueindustriel.com\/en\/#website","url":"http:\/\/psychologueindustriel.com\/en\/","name":"Ph\u00e9nix Conseil","description":"A Smarter Way to Build Websites","potentialAction":[{"@type":"SearchAction","target":{"@type":"EntryPoint","urlTemplate":"http:\/\/psychologueindustriel.com\/en\/?s={search_term_string}"},"query-input":{"@type":"PropertyValueSpecification","valueRequired":true,"valueName":"search_term_string"}}],"inLanguage":"en-US"}]}},"_links":{"self":[{"href":"http:\/\/psychologueindustriel.com\/en\/wp-json\/wp\/v2\/pages\/8683","targetHints":{"allow":["GET"]}}],"collection":[{"href":"http:\/\/psychologueindustriel.com\/en\/wp-json\/wp\/v2\/pages"}],"about":[{"href":"http:\/\/psychologueindustriel.com\/en\/wp-json\/wp\/v2\/types\/page"}],"author":[{"embeddable":true,"href":"http:\/\/psychologueindustriel.com\/en\/wp-json\/wp\/v2\/users\/1"}],"replies":[{"embeddable":true,"href":"http:\/\/psychologueindustriel.com\/en\/wp-json\/wp\/v2\/comments?post=8683"}],"version-history":[{"count":19,"href":"http:\/\/psychologueindustriel.com\/en\/wp-json\/wp\/v2\/pages\/8683\/revisions"}],"predecessor-version":[{"id":8739,"href":"http:\/\/psychologueindustriel.com\/en\/wp-json\/wp\/v2\/pages\/8683\/revisions\/8739"}],"wp:attachment":[{"href":"http:\/\/psychologueindustriel.com\/en\/wp-json\/wp\/v2\/media?parent=8683"}],"curies":[{"name":"wp","href":"https:\/\/api.w.org\/{rel}","templated":true}]}}